{"id":39,"date":"2025-12-10T18:36:34","date_gmt":"2025-12-10T17:36:34","guid":{"rendered":"https:\/\/hypnoconfiance.fr\/?page_id=39"},"modified":"2025-12-10T18:46:50","modified_gmt":"2025-12-10T17:46:50","slug":"elementor-39","status":"publish","type":"page","link":"https:\/\/hypnoconfiance.fr\/index.php\/elementor-39\/","title":{"rendered":"Elementor #39"},"content":{"rendered":"\t\t<div data-elementor-type=\"wp-post\" data-elementor-id=\"39\" class=\"elementor elementor-39\" data-elementor-post-type=\"page\">\n\t\t\t\t<div class=\"elementor-element elementor-element-undefined-22797d0 e-flex e-con-boxed e-con e-parent\" data-id=\"undefined-22797d0\" data-element_type=\"container\" data-e-type=\"container\" data-settings=\"{&quot;background_background&quot;:&quot;classic&quot;}\">\n\t\t\t\t\t<div class=\"e-con-inner\">\n\t\t\t\t<div class=\"elementor-element elementor-element-undefined-6bbd962 elementor-widget elementor-widget-heading\" data-id=\"undefined-6bbd962\" data-element_type=\"widget\" data-e-type=\"widget\" data-widget_type=\"heading.default\">\n\t\t\t\t\t<h5 class=\"elementor-heading-title elementor-size-default\">Transformez votre confiance<\/h5>\t\t\t\t<\/div>\n\t\t\t\t<div class=\"elementor-element elementor-element-undefined-23e722d elementor-widget elementor-widget-heading\" data-id=\"undefined-23e722d\" data-element_type=\"widget\" data-e-type=\"widget\" data-widget_type=\"heading.default\">\n\t\t\t\t\t<h1 class=\"elementor-heading-title elementor-size-default\">La confiance en soi gr\u00e2ce \u00e0 l'hypnose \u00e0 distance<\/h1>\t\t\t\t<\/div>\n\t\t\t\t<div class=\"elementor-element elementor-element-undefined-69c9984 elementor-widget elementor-widget-heading\" data-id=\"undefined-69c9984\" data-element_type=\"widget\" data-e-type=\"widget\" data-widget_type=\"heading.default\">\n\t\t\t\t\t<h5 class=\"elementor-heading-title elementor-size-default\">D\u00e9couvrez nos s\u00e9ances d'hypnose \u00e0 distance pour renforcer votre confiance en vous et surmonter vos blocages.<\/h5>\t\t\t\t<\/div>\n\t\t\t\t<div class=\"elementor-element elementor-element-undefined-87e9ef9 elementor-widget__width-auto elementor-align-right elementor-widget elementor-widget-button\" data-id=\"undefined-87e9ef9\" data-element_type=\"widget\" data-e-type=\"widget\" data-widget_type=\"button.default\">\n\t\t\t\t\t\t\t\t\t\t<a class=\"elementor-button elementor-button-link elementor-size-sm\" href=\"#\">\n\t\t\t\t\t\t<span class=\"elementor-button-content-wrapper\">\n\t\t\t\t\t\t\t\t\t<span class=\"elementor-button-text\">Commencez maintenant<\/span>\n\t\t\t\t\t<\/span>\n\t\t\t\t\t<\/a>\n\t\t\t\t\t\t\t\t<\/div>\n\t\t\t\t\t<\/div>\n\t\t\t\t<\/div>\n\t\t\t\t<\/div>\n\t\t","protected":false},"excerpt":{"rendered":"<p>Transformez votre confiance La confiance en soi gr\u00e2ce \u00e0 l&rsquo;hypnose \u00e0 distance D\u00e9couvrez nos s\u00e9ances d&rsquo;hypnose \u00e0 distance pour renforcer votre confiance en vous et surmonter vos blocages. Commencez maintenant<\/p>\n","protected":false},"author":1,"featured_media":0,"parent":0,"menu_order":0,"comment_status":"closed","ping_status":"closed","template":"","meta":{"footnotes":""},"class_list":["post-39","page","type-page","status-publish","hentry"],"_links":{"self":[{"href":"https:\/\/hypnoconfiance.fr\/index.php\/wp-json\/wp\/v2\/pages\/39","targetHints":{"allow":["GET"]}}],"collection":[{"href":"https:\/\/hypnoconfiance.fr\/index.php\/wp-json\/wp\/v2\/pages"}],"about":[{"href":"https:\/\/hypnoconfiance.fr\/index.php\/wp-json\/wp\/v2\/types\/page"}],"author":[{"embeddable":true,"href":"https:\/\/hypnoconfiance.fr\/index.php\/wp-json\/wp\/v2\/users\/1"}],"replies":[{"embeddable":true,"href":"https:\/\/hypnoconfiance.fr\/index.php\/wp-json\/wp\/v2\/comments?post=39"}],"version-history":[{"count":4,"href":"https:\/\/hypnoconfiance.fr\/index.php\/wp-json\/wp\/v2\/pages\/39\/revisions"}],"predecessor-version":[{"id":43,"href":"https:\/\/hypnoconfiance.fr\/index.php\/wp-json\/wp\/v2\/pages\/39\/revisions\/43"}],"wp:attachment":[{"href":"https:\/\/hypnoconfiance.fr\/index.php\/wp-json\/wp\/v2\/media?parent=39"}],"curies":[{"name":"wp","href":"https:\/\/api.w.org\/{rel}","templated":true}]}}