{"id":24,"date":"2024-04-06T13:16:52","date_gmt":"2024-04-06T11:16:52","guid":{"rendered":"https:\/\/hypnoconfiance.fr\/?page_id=24"},"modified":"2024-04-06T13:27:42","modified_gmt":"2024-04-06T11:27:42","slug":"24-2","status":"publish","type":"page","link":"https:\/\/hypnoconfiance.fr\/index.php\/24-2\/","title":{"rendered":"Retrouvez toutes les actualit\u00e9s de l&rsquo;hypnose"},"content":{"rendered":"<ul class=\"wp-block-rss\"><li class='wp-block-rss__item'><div class='wp-block-rss__item-title'><a href='https:\/\/www.google.com\/url?rct=j&#038;sa=t&#038;url=https:\/\/nantes.maville.com\/actu\/actudet_-les-soignants-formes-a-l-hypnose-pour-soulager-les-douleurs-des-enfants-a-nantes-_8-7306334_actu.Htm&#038;ct=ga&#038;cd=CAIyGmQ2YjYyNWNkZWJjNWY5Mzc6Y29tOmZyOlVT&#038;usg=AOvVaw1B7sOompWxOYc_vvi6nFrP'>Les soignants form\u00e9s \u00e0 l&#039;hypnose pour soulager les douleurs des enfants \u00e0 Nantes<\/a><\/div><\/li><li class='wp-block-rss__item'><div class='wp-block-rss__item-title'><a href='https:\/\/www.google.com\/url?rct=j&#038;sa=t&#038;url=https:\/\/www.journaldemontreal.com\/2026\/05\/05\/hypnose-images-de-paysages-quebecois-et-sons-de-la-nature--de-nouvelles-avenues-pour-soulager-la-douleur&#038;ct=ga&#038;cd=CAIyGmQ2YjYyNWNkZWJjNWY5Mzc6Y29tOmZyOlVT&#038;usg=AOvVaw2XlF-_t3QVYR9U6OAxWSts'>Hypnose, images de paysages qu\u00e9b\u00e9cois et sons de la nature &#8211; Le Journal de Montr\u00e9al<\/a><\/div><\/li><li class='wp-block-rss__item'><div class='wp-block-rss__item-title'><a href='https:\/\/www.google.com\/url?rct=j&#038;sa=t&#038;url=https:\/\/www.iggymagazine.com\/dumomi-the-jig-lhypnose-nocturne-de-time-2-time\/&#038;ct=ga&#038;cd=CAIyGmQ2YjYyNWNkZWJjNWY5Mzc6Y29tOmZyOlVT&#038;usg=AOvVaw3DB41ParWo7rdouBEQDRno'>Dumomi The Jig : L&#039;hypnose nocturne de \u00ab Time 2 Time \u00bb &#8211; IGGY Magazine<\/a><\/div><\/li><li class='wp-block-rss__item'><div class='wp-block-rss__item-title'><a href='https:\/\/www.google.com\/url?rct=j&#038;sa=t&#038;url=https:\/\/nantes.maville.com\/actu\/actudet_-les-soignants-formes-a-l-hypnose-pour-soulager-les-douleurs-des-enfants-a-nantes-_fil-7306334_actu.Htm&#038;ct=ga&#038;cd=CAIyGmQ2YjYyNWNkZWJjNWY5Mzc6Y29tOmZyOlVT&#038;usg=AOvVaw2ErK418Hy7t6e_jZ5ynwCM'>Les soignants form\u00e9s \u00e0 l&#039;hypnose pour soulager les douleurs des enfants \u00e0 Nantes<\/a><\/div><\/li><li class='wp-block-rss__item'><div class='wp-block-rss__item-title'><a href='https:\/\/www.google.com\/url?rct=j&#038;sa=t&#038;url=https:\/\/www.jds.fr\/fougeres\/spectacles\/messmer-13hz-tournee-1514186_A&#038;ct=ga&#038;cd=CAIyGmQ2YjYyNWNkZWJjNWY5Mzc6Y29tOmZyOlVT&#038;usg=AOvVaw0BmsYjnLIx59SYB5avThgR'>Messmer \u00e0 Espace Aumaillerie 2027 | Tourn\u00e9e 13hz : billets &#8211; JDS<\/a><\/div><\/li><\/ul>","protected":false},"excerpt":{"rendered":"","protected":false},"author":1,"featured_media":0,"parent":0,"menu_order":0,"comment_status":"closed","ping_status":"closed","template":"","meta":{"footnotes":""},"class_list":["post-24","page","type-page","status-publish","hentry"],"_links":{"self":[{"href":"https:\/\/hypnoconfiance.fr\/index.php\/wp-json\/wp\/v2\/pages\/24","targetHints":{"allow":["GET"]}}],"collection":[{"href":"https:\/\/hypnoconfiance.fr\/index.php\/wp-json\/wp\/v2\/pages"}],"about":[{"href":"https:\/\/hypnoconfiance.fr\/index.php\/wp-json\/wp\/v2\/types\/page"}],"author":[{"embeddable":true,"href":"https:\/\/hypnoconfiance.fr\/index.php\/wp-json\/wp\/v2\/users\/1"}],"replies":[{"embeddable":true,"href":"https:\/\/hypnoconfiance.fr\/index.php\/wp-json\/wp\/v2\/comments?post=24"}],"version-history":[{"count":3,"href":"https:\/\/hypnoconfiance.fr\/index.php\/wp-json\/wp\/v2\/pages\/24\/revisions"}],"predecessor-version":[{"id":28,"href":"https:\/\/hypnoconfiance.fr\/index.php\/wp-json\/wp\/v2\/pages\/24\/revisions\/28"}],"wp:attachment":[{"href":"https:\/\/hypnoconfiance.fr\/index.php\/wp-json\/wp\/v2\/media?parent=24"}],"curies":[{"name":"wp","href":"https:\/\/api.w.org\/{rel}","templated":true}]}}